{"id":1325,"date":"2021-04-06T14:53:58","date_gmt":"2021-04-06T12:53:58","guid":{"rendered":"https:\/\/nivola.nl\/?page_id=1325"},"modified":"2022-11-07T18:36:48","modified_gmt":"2022-11-07T16:36:48","slug":"inplannen-rookproef","status":"publish","type":"page","link":"https:\/\/nivola.nl\/de\/inplannen-rookproef\/","title":{"rendered":"Vereinbaren Sie eine kostenlose Rauchprobe"},"content":{"rendered":"[mk_page_section sidebar=&#8220;sidebar-1&#8243;][vc_column width=&#8220;1\/6&#8243;][\/vc_column][vc_column width=&#8220;1\/3&#8243; offset=&#8220;vc_col-lg-12 vc_col-md-12&#8243;][mk_padding_divider visibility=&#8220;hidden-sm&#8220;][vc_row_inner el_class=&#8220;box-gray-nivola&#8220;][vc_column_inner][mk_font_icons icon=&#8220;mk-icon-calendar&#8220; color=&#8220;#3a63a0&#8243; size=&#8220;x-large&#8220; align=&#8220;center&#8220;][mk_fancy_title tag_name=&#8220;h3&#8243; color=&#8220;#325798&#8243; size=&#8220;40&#8243; force_font_size=&#8220;true&#8220; size_smallscreen=&#8220;40&#8243; size_tablet=&#8220;40&#8243; size_phone=&#8220;35&#8243; line_height=&#8220;110&#8243; margin_bottom=&#8220;0&#8243; font_family=&#8220;none&#8220; align=&#8220;center&#8220;]Vereinbaren Sie hier kostenlos und unverbindlich einen Rauchtest.[\/mk_fancy_title][vc_column_text align=&#8220;center&#8220; css=&#8220;.vc_custom_1667838928555{margin-bottom: 0px !important;}&#8220;]Neugierig, was Nivola f\u00fcr Ihr Unternehmen tun kann? Planen Sie jetzt Ihren eigenen Rauchtest!<\/p>\n<p>Sie k\u00f6nnen einen Teil des Tages w\u00e4hlen, und zwar morgens (ab 07.00 Uhr) oder nachmittags (ab 13.00 Uhr). Nach Ihrem vereinbarten Termin werden wir Sie kontaktieren, um einen Termin zu vereinbaren. Der Termin dauert etwa eine halbe Stunde.[\/vc_column_text][mk_padding_divider size=&#8220;10&#8243;][vc_raw_html]JTNDJTIxLS0lMjBDYWxlbmRseSUyMGlubGluZSUyMHdpZGdldCUyMGJlZ2luJTIwLS0lM0UlMEElM0NkaXYlMjBjbGFzcyUzRCUyMmNhbGVuZGx5LWlubGluZS13aWRnZXQlMjIlMjBkYXRhLXVybCUzRCUyMmh0dHBzJTNBJTJGJTJGY2FsZW5kbHkuY29tJTJGbml2b2xhJTJGcm9va3Byb2VmJTIyJTIwc3R5bGUlM0QlMjJtaW4td2lkdGglM0EzMjBweCUzQmhlaWdodCUzQTYzMHB4JTNCJTIyJTNFJTNDJTJGZGl2JTNFJTBBJTNDc2NyaXB0JTIwdHlwZSUzRCUyMnRleHQlMkZqYXZhc2NyaXB0JTIyJTIwc3JjJTNEJTIyaHR0cHMlM0ElMkYlMkZhc3NldHMuY2FsZW5kbHkuY29tJTJGYXNzZXRzJTJGZXh0ZXJuYWwlMkZ3aWRnZXQuanMlMjIlMjBhc3luYyUzRSUzQyUyRnNjcmlwdCUzRSUwQSUzQyUyMS0tJTIwQ2FsZW5kbHklMjBpbmxpbmUlMjB3aWRnZXQlMjBlbmQlMjAtLSUzRQ==[\/vc_raw_html][\/vc_column_inner][\/vc_row_inner][mk_padding_divider][\/vc_column][\/mk_page_section]","protected":false},"excerpt":{"rendered":"<p>[mk_page_section sidebar=&#8220;sidebar-1&#8243;][vc_column width=&#8220;1\/6&#8243;][\/vc_column][vc_column width=&#8220;1\/3&#8243; offset=&#8220;vc_col-lg-12 vc_col-md-12&#8243;][mk_padding_divider visibility=&#8220;hidden-sm&#8220;][vc_row_inner el_class=&#8220;box-gray-nivola&#8220;][vc_column_inner][mk_font_icons icon=&#8220;mk-icon-calendar&#8220; color=&#8220;#3a63a0&#8243; size=&#8220;x-large&#8220; align=&#8220;center&#8220;][mk_fancy_title tag_name=&#8220;h3&#8243; color=&#8220;#325798&#8243; size=&#8220;40&#8243; force_font_size=&#8220;true&#8220; size_smallscreen=&#8220;40&#8243; size_tablet=&#8220;40&#8243; size_phone=&#8220;35&#8243; line_height=&#8220;110&#8243; margin_bottom=&#8220;0&#8243; font_family=&#8220;none&#8220; align=&#8220;center&#8220;]Vereinbaren Sie hier kostenlos und unverbindlich einen Rauchtest.[\/mk_fancy_title][vc_column_text align=&#8220;center&#8220; css=&#8220;.vc_custom_1667838928555{margin-bottom: 0px !important;}&#8220;]Neugierig, was Nivola f\u00fcr Ihr Unternehmen tun kann? Planen Sie jetzt Ihren eigenen Rauchtest! Sie k\u00f6nnen einen Teil des Tages w\u00e4hlen, und [&hellip;]<\/p>\n","protected":false},"author":6,"featured_media":0,"parent":0,"menu_order":0,"comment_status":"closed","ping_status":"closed","template":"","meta":{"footnotes":""},"class_list":["post-1325","page","type-page","status-publish","hentry"],"yoast_head":"<!-- This site is optimized with the Yoast SEO plugin v21.5 - https:\/\/yoast.com\/wordpress\/plugins\/seo\/ -->\n<title>Vereinbaren Sie eine kostenlose Rauchprobe &#187; Nivola<\/title>\n<meta name=\"robots\" content=\"index, follow, max-snippet:-1, max-image-preview:large, max-video-preview:-1\" \/>\n<link rel=\"canonical\" href=\"https:\/\/nivola.nl\/inplannen-rookproef\/\" \/>\n<meta property=\"og:locale\" content=\"de_DE\" \/>\n<meta property=\"og:type\" content=\"article\" \/>\n<meta property=\"og:title\" content=\"[:nl]Inplannen gratis rookproef[:en]Schedule a free smoke trial[:de]Vereinbaren Sie eine kostenlose Rauchprobe[:] &#187; Nivola\" \/>\n<meta property=\"og:description\" content=\"[mk_page_section sidebar=&#8220;sidebar-1&#8243;][vc_column width=&#8220;1\/6&#8243;][\/vc_column][vc_column width=&#8220;1\/3&#8243; offset=&#8220;vc_col-lg-12 vc_col-md-12&#8243;][mk_padding_divider visibility=&#8220;hidden-sm&#8220;][vc_row_inner el_class=&#8220;box-gray-nivola&#8220;][vc_column_inner][mk_font_icons icon=&#8220;mk-icon-calendar&#8220; color=&#8220;#3a63a0&#8243; size=&#8220;x-large&#8220; align=&#8220;center&#8220;][mk_fancy_title tag_name=&#8220;h3&#8243; color=&#8220;#325798&#8243; size=&#8220;40&#8243; force_font_size=&#8220;true&#8220; size_smallscreen=&#8220;40&#8243; size_tablet=&#8220;40&#8243; size_phone=&#8220;35&#8243; line_height=&#8220;110&#8243; margin_bottom=&#8220;0&#8243; font_family=&#8220;none&#8220; align=&#8220;center&#8220;]Vereinbaren Sie hier kostenlos und unverbindlich einen Rauchtest.[\/mk_fancy_title][vc_column_text align=&#8220;center&#8220; css=&#8220;.vc_custom_1667838928555{margin-bottom: 0px !important;}&#8220;]Neugierig, was Nivola f\u00fcr Ihr Unternehmen tun kann? Planen Sie jetzt Ihren eigenen Rauchtest! Sie k\u00f6nnen einen Teil des Tages w\u00e4hlen, und [&hellip;]\" \/>\n<meta property=\"og:url\" content=\"https:\/\/nivola.nl\/inplannen-rookproef\/\" \/>\n<meta property=\"og:site_name\" content=\"Nivola\" \/>\n<meta property=\"article:modified_time\" content=\"2022-11-07T16:36:48+00:00\" \/>\n<meta name=\"twitter:card\" content=\"summary_large_image\" \/>\n<meta name=\"twitter:label1\" content=\"Gesch\u00e4tzte Lesezeit\" \/>\n\t<meta name=\"twitter:data1\" content=\"1\u00a0Minute\" \/>\n<script type=\"application\/ld+json\" class=\"yoast-schema-graph\">{\"@context\":\"https:\/\/schema.org\",\"@graph\":[{\"@type\":\"WebPage\",\"@id\":\"https:\/\/nivola.nl\/inplannen-rookproef\/\",\"url\":\"https:\/\/nivola.nl\/inplannen-rookproef\/\",\"name\":\"[:nl]Inplannen gratis rookproef[:en]Schedule a free smoke trial[:de]Vereinbaren Sie eine kostenlose Rauchprobe[:] &#187; Nivola\",\"isPartOf\":{\"@id\":\"https:\/\/nivola.nl\/#website\"},\"datePublished\":\"2021-04-06T12:53:58+00:00\",\"dateModified\":\"2022-11-07T16:36:48+00:00\",\"breadcrumb\":{\"@id\":\"https:\/\/nivola.nl\/inplannen-rookproef\/#breadcrumb\"},\"inLanguage\":\"de\",\"potentialAction\":[{\"@type\":\"ReadAction\",\"target\":[\"https:\/\/nivola.nl\/inplannen-rookproef\/\"]}]},{\"@type\":\"BreadcrumbList\",\"@id\":\"https:\/\/nivola.nl\/inplannen-rookproef\/#breadcrumb\",\"itemListElement\":[{\"@type\":\"ListItem\",\"position\":1,\"name\":\"Startseite\",\"item\":\"https:\/\/nivola.nl\/\"},{\"@type\":\"ListItem\",\"position\":2,\"name\":\"Inplannen gratis rookproef\"}]},{\"@type\":\"WebSite\",\"@id\":\"https:\/\/nivola.nl\/#website\",\"url\":\"https:\/\/nivola.nl\/\",\"name\":\"Nivola\",\"description\":\"\",\"potentialAction\":[{\"@type\":\"SearchAction\",\"target\":{\"@type\":\"EntryPoint\",\"urlTemplate\":\"https:\/\/nivola.nl\/?s={search_term_string}\"},\"query-input\":\"required name=search_term_string\"}],\"inLanguage\":\"de\"}]}<\/script>\n<!-- \/ Yoast SEO plugin. -->","yoast_head_json":{"title":"[:nl]Inplannen gratis rookproef[:en]Schedule a free smoke trial[:de]Vereinbaren Sie eine kostenlose Rauchprobe[:] &#187; Nivola","robots":{"index":"index","follow":"follow","max-snippet":"max-snippet:-1","max-image-preview":"max-image-preview:large","max-video-preview":"max-video-preview:-1"},"canonical":"https:\/\/nivola.nl\/inplannen-rookproef\/","og_locale":"de_DE","og_type":"article","og_title":"[:nl]Inplannen gratis rookproef[:en]Schedule a free smoke trial[:de]Vereinbaren Sie eine kostenlose Rauchprobe[:] &#187; Nivola","og_description":"[mk_page_section sidebar=&#8220;sidebar-1&#8243;][vc_column width=&#8220;1\/6&#8243;][\/vc_column][vc_column width=&#8220;1\/3&#8243; offset=&#8220;vc_col-lg-12 vc_col-md-12&#8243;][mk_padding_divider visibility=&#8220;hidden-sm&#8220;][vc_row_inner el_class=&#8220;box-gray-nivola&#8220;][vc_column_inner][mk_font_icons icon=&#8220;mk-icon-calendar&#8220; color=&#8220;#3a63a0&#8243; size=&#8220;x-large&#8220; align=&#8220;center&#8220;][mk_fancy_title tag_name=&#8220;h3&#8243; color=&#8220;#325798&#8243; size=&#8220;40&#8243; force_font_size=&#8220;true&#8220; size_smallscreen=&#8220;40&#8243; size_tablet=&#8220;40&#8243; size_phone=&#8220;35&#8243; line_height=&#8220;110&#8243; margin_bottom=&#8220;0&#8243; font_family=&#8220;none&#8220; align=&#8220;center&#8220;]Vereinbaren Sie hier kostenlos und unverbindlich einen Rauchtest.[\/mk_fancy_title][vc_column_text align=&#8220;center&#8220; css=&#8220;.vc_custom_1667838928555{margin-bottom: 0px !important;}&#8220;]Neugierig, was Nivola f\u00fcr Ihr Unternehmen tun kann? Planen Sie jetzt Ihren eigenen Rauchtest! Sie k\u00f6nnen einen Teil des Tages w\u00e4hlen, und [&hellip;]","og_url":"https:\/\/nivola.nl\/inplannen-rookproef\/","og_site_name":"Nivola","article_modified_time":"2022-11-07T16:36:48+00:00","twitter_card":"summary_large_image","twitter_misc":{"Gesch\u00e4tzte Lesezeit":"1\u00a0Minute"},"schema":{"@context":"https:\/\/schema.org","@graph":[{"@type":"WebPage","@id":"https:\/\/nivola.nl\/inplannen-rookproef\/","url":"https:\/\/nivola.nl\/inplannen-rookproef\/","name":"[:nl]Inplannen gratis rookproef[:en]Schedule a free smoke trial[:de]Vereinbaren Sie eine kostenlose Rauchprobe[:] &#187; Nivola","isPartOf":{"@id":"https:\/\/nivola.nl\/#website"},"datePublished":"2021-04-06T12:53:58+00:00","dateModified":"2022-11-07T16:36:48+00:00","breadcrumb":{"@id":"https:\/\/nivola.nl\/inplannen-rookproef\/#breadcrumb"},"inLanguage":"de","potentialAction":[{"@type":"ReadAction","target":["https:\/\/nivola.nl\/inplannen-rookproef\/"]}]},{"@type":"BreadcrumbList","@id":"https:\/\/nivola.nl\/inplannen-rookproef\/#breadcrumb","itemListElement":[{"@type":"ListItem","position":1,"name":"Startseite","item":"https:\/\/nivola.nl\/"},{"@type":"ListItem","position":2,"name":"Inplannen gratis rookproef"}]},{"@type":"WebSite","@id":"https:\/\/nivola.nl\/#website","url":"https:\/\/nivola.nl\/","name":"Nivola","description":"","potentialAction":[{"@type":"SearchAction","target":{"@type":"EntryPoint","urlTemplate":"https:\/\/nivola.nl\/?s={search_term_string}"},"query-input":"required name=search_term_string"}],"inLanguage":"de"}]}},"_links":{"self":[{"href":"https:\/\/nivola.nl\/de\/wp-json\/wp\/v2\/pages\/1325"}],"collection":[{"href":"https:\/\/nivola.nl\/de\/wp-json\/wp\/v2\/pages"}],"about":[{"href":"https:\/\/nivola.nl\/de\/wp-json\/wp\/v2\/types\/page"}],"author":[{"embeddable":true,"href":"https:\/\/nivola.nl\/de\/wp-json\/wp\/v2\/users\/6"}],"replies":[{"embeddable":true,"href":"https:\/\/nivola.nl\/de\/wp-json\/wp\/v2\/comments?post=1325"}],"version-history":[{"count":5,"href":"https:\/\/nivola.nl\/de\/wp-json\/wp\/v2\/pages\/1325\/revisions"}],"predecessor-version":[{"id":1519,"href":"https:\/\/nivola.nl\/de\/wp-json\/wp\/v2\/pages\/1325\/revisions\/1519"}],"wp:attachment":[{"href":"https:\/\/nivola.nl\/de\/wp-json\/wp\/v2\/media?parent=1325"}],"curies":[{"name":"wp","href":"https:\/\/api.w.org\/{rel}","templated":true}]}}