{"id":300,"date":"2017-10-18T11:13:44","date_gmt":"2017-10-18T09:13:44","guid":{"rendered":"http:\/\/nivola.nl\/?page_id=300"},"modified":"2022-11-07T11:00:39","modified_gmt":"2022-11-07T09:00:39","slug":"over-ons","status":"publish","type":"page","link":"https:\/\/nivola.nl\/de\/over-ons\/","title":{"rendered":"Over ons"},"content":{"rendered":"[mk_page_section padding_top=&#8220;0&#8243; padding_bottom=&#8220;0&#8243; sidebar=&#8220;sidebar-1&#8243;][vc_column][rev_slider_vc alias=&#8220;over-ons&#8220;][\/vc_column][\/mk_page_section][mk_page_section sidebar=&#8220;sidebar-1&#8243;][vc_column width=&#8220;1\/6&#8243;][\/vc_column][vc_column width=&#8220;2\/3&#8243;][vc_custom_heading text=&#8220;Nivola&#8220; font_container=&#8220;tag:h2|font_size:45|text_align:left|color:%233b63a0&#8243;][vc_column_text css=&#8220;.vc_custom_1667811590587{margin-bottom: 0px !important;}&#8220;]<strong>\u201eSchon seit \u00fcber 65 Jahren <u>der<\/u> Spezialist f\u00fcr das Beheizen und Bel\u00fcften gro\u00dfer R\u00e4ume.\u201d<\/strong><\/p>\n<p>Als Hersteller des energieeffizienten Nivolair-Systems bieten wir Ihnen eine einzigartige Deckenventilatorheizung, die speziell f\u00fcr die effiziente Beheizung von R\u00e4umen mit einer H\u00f6he von mehr als 4 m entwickelt wurde.[\/vc_column_text][\/vc_column][vc_column width=&#8220;1\/6&#8243;][\/vc_column][\/mk_page_section][mk_page_section js_vertical_centered=&#8220;true&#8220; padding_top=&#8220;50&#8243; padding_bottom=&#8220;50&#8243; sidebar=&#8220;sidebar-1&#8243;][vc_column width=&#8220;1\/2&#8243;][mk_padding_divider size=&#8220;100&#8243; visibility=&#8220;hidden-sm&#8220;][vc_custom_heading text=&#8220;&#8222;Begann mit dem Trocknen von Blumenzwiebeln. Jetzt international bekannt mit dem Nivolator, Nivolair und Schwefelverdampfer&#8222;&#8220; font_container=&#8220;tag:h3|font_size:40|text_align:left|color:%233a63a0&#8243; use_theme_fonts=&#8220;yes&#8220;][\/vc_column][vc_column width=&#8220;1\/2&#8243;][vc_single_image image=&#8220;332&#8243; img_size=&#8220;large&#8220; el_class=&#8220;nivola-image&#8220;][\/vc_column][\/mk_page_section][mk_page_section padding_top=&#8220;0&#8243; padding_bottom=&#8220;50&#8243; margin_bottom=&#8220;100&#8243; sidebar=&#8220;sidebar-1&#8243;][vc_column width=&#8220;1\/6&#8243;][\/vc_column][vc_column width=&#8220;2\/3&#8243;][vc_column_text el_class=&#8220;max-width&#8220; css=&#8220;.vc_custom_1547724626378{margin-bottom: 0px !important;}&#8220;]\n<h2>Geschichte<\/h2>\n<p>Das Unternehmen Nivola Technische Handelsonderneming B.V. wurde im Jahr 1956 gegr\u00fcndet und begann mit der Zucht von Blumenzwiebeln mit Hilfe des Nivolators, einem Ventilator mit einzigartigen Bl\u00e4ttern.<\/p>\n<p>Des n\u00e4chste logische Schritt bestand in der Entwicklung des Nivolators mit integrierter Heizspirale, dem Nivolair. Nachdem zun\u00e4chst ausschlie\u00dflich Heizelement f\u00fcr Gew\u00e4chsh\u00e4user hergestellt wurden, kamen schnell Anfragen aus der Wirtschaft. Mittlerweile werden Nivolair-Heizungssysteme in ganz Europa erfolgreich eingesetzt.<\/p>\n<p>Neben dieser Produktgruppe entwickelte Nivola eine weitere: den Schwefelverdampfer. Dieser wird zum Verdampfen von Schwefel bei der Bek\u00e4mpfung von Mehltau unter anderem bei Rosen, Tomaten und Paprika eingesetzt.[\/vc_column_text][\/vc_column][vc_column width=&#8220;1\/6&#8243;][\/vc_column][\/mk_page_section][mk_page_section bg_color=&#8220;#325798&#8243; js_vertical_centered=&#8220;true&#8220; padding_top=&#8220;50&#8243; padding_bottom=&#8220;40&#8243; el_class=&#8220;margin-top&#8220; sidebar=&#8220;sidebar-1&#8243;][vc_column width=&#8220;1\/2&#8243;][mk_fancy_title tag_name=&#8220;h3&#8243; color=&#8220;#ffffff&#8220; size=&#8220;50&#8243; line_height=&#8220;110&#8243; margin_bottom=&#8220;0&#8243; font_family=&#8220;none&#8220;]Entdecken Sie, was Nivola f\u00fcr Sie bedeuten kann.[\/mk_fancy_title][\/vc_column][vc_column width=&#8220;1\/2&#8243;][mk_padding_divider size=&#8220;50&#8243; visibility=&#8220;hidden-sm&#8220;][mk_button dimension=&#8220;flat&#8220; size=&#8220;large&#8220; url=&#8220;https:\/\/nivola.nl\/offerte-aanvraag\/&#8220; align=&#8220;right&#8220; margin_bottom=&#8220;0&#8243; margin_right=&#8220;0&#8243; el_class=&#8220;nivola-button&#8220; bg_color=&#8220;#ffffff&#8220; btn_hover_bg=&#8220;#0a0a0a&#8220; text_color=&#8220;dark&#8220; btn_hover_txt_color=&#8220;#ffffff&#8220;]Angebotsanfrage[\/mk_button][mk_button dimension=&#8220;flat&#8220; size=&#8220;large&#8220; url=&#8220;https:\/\/nivola.nl\/contact\/&#8220; align=&#8220;right&#8220; margin_bottom=&#8220;0&#8243; el_class=&#8220;nivola-button&#8220; bg_color=&#8220;#ffffff&#8220; btn_hover_bg=&#8220;#0a0a0a&#8220; text_color=&#8220;dark&#8220; btn_hover_txt_color=&#8220;#ffffff&#8220;]Kontaktieren Sie uns[\/mk_button][\/vc_column][\/mk_page_section]","protected":false},"excerpt":{"rendered":"<p>[mk_page_section padding_top=&#8220;0&#8243; padding_bottom=&#8220;0&#8243; sidebar=&#8220;sidebar-1&#8243;][vc_column][rev_slider_vc alias=&#8220;over-ons&#8220;][\/vc_column][\/mk_page_section][mk_page_section sidebar=&#8220;sidebar-1&#8243;][vc_column width=&#8220;1\/6&#8243;][\/vc_column][vc_column width=&#8220;2\/3&#8243;][vc_custom_heading text=&#8220;Nivola&#8220; font_container=&#8220;tag:h2|font_size:45|text_align:left|color:%233b63a0&#8243;][vc_column_text css=&#8220;.vc_custom_1667811590587{margin-bottom: 0px !important;}&#8220;]\u201eSchon seit \u00fcber 65 Jahren der Spezialist f\u00fcr das Beheizen und Bel\u00fcften gro\u00dfer R\u00e4ume.\u201d Als Hersteller des energieeffizienten Nivolair-Systems bieten wir Ihnen eine einzigartige Deckenventilatorheizung, die speziell f\u00fcr die effiziente Beheizung von R\u00e4umen mit einer H\u00f6he von mehr als 4 m entwickelt wurde.[\/vc_column_text][\/vc_column][vc_column [&hellip;]<\/p>\n","protected":false},"author":1,"featured_media":750,"parent":0,"menu_order":0,"comment_status":"closed","ping_status":"closed","template":"","meta":{"footnotes":""},"class_list":["post-300","page","type-page","status-publish","has-post-thumbnail","hentry"],"yoast_head":"<!-- This site is optimized with the Yoast SEO plugin v21.5 - https:\/\/yoast.com\/wordpress\/plugins\/seo\/ -->\n<title>Over ons &#187; Nivola<\/title>\n<meta name=\"robots\" content=\"index, follow, max-snippet:-1, max-image-preview:large, max-video-preview:-1\" \/>\n<link rel=\"canonical\" href=\"https:\/\/nivola.nl\/over-ons\/\" \/>\n<meta property=\"og:locale\" content=\"de_DE\" \/>\n<meta property=\"og:type\" content=\"article\" \/>\n<meta property=\"og:title\" content=\"Over ons &#187; Nivola\" \/>\n<meta property=\"og:description\" content=\"[mk_page_section padding_top=&#8220;0&#8243; padding_bottom=&#8220;0&#8243; sidebar=&#8220;sidebar-1&#8243;][vc_column][rev_slider_vc alias=&#8220;over-ons&#8220;][\/vc_column][\/mk_page_section][mk_page_section sidebar=&#8220;sidebar-1&#8243;][vc_column width=&#8220;1\/6&#8243;][\/vc_column][vc_column width=&#8220;2\/3&#8243;][vc_custom_heading text=&#8220;Nivola&#8220; font_container=&#8220;tag:h2|font_size:45|text_align:left|color:%233b63a0&#8243;][vc_column_text css=&#8220;.vc_custom_1667811590587{margin-bottom: 0px !important;}&#8220;]\u201eSchon seit \u00fcber 65 Jahren der Spezialist f\u00fcr das Beheizen und Bel\u00fcften gro\u00dfer R\u00e4ume.\u201d Als Hersteller des energieeffizienten Nivolair-Systems bieten wir Ihnen eine einzigartige Deckenventilatorheizung, die speziell f\u00fcr die effiziente Beheizung von R\u00e4umen mit einer H\u00f6he von mehr als 4 m entwickelt wurde.[\/vc_column_text][\/vc_column][vc_column [&hellip;]\" \/>\n<meta property=\"og:url\" content=\"https:\/\/nivola.nl\/over-ons\/\" \/>\n<meta property=\"og:site_name\" content=\"Nivola\" \/>\n<meta property=\"article:modified_time\" content=\"2022-11-07T09:00:39+00:00\" \/>\n<meta property=\"og:image\" content=\"https:\/\/nivola.nl\/wp-content\/uploads\/2018\/11\/teamfoto-2018-edited.jpg\" \/>\n\t<meta property=\"og:image:width\" content=\"1800\" \/>\n\t<meta property=\"og:image:height\" content=\"1200\" \/>\n\t<meta property=\"og:image:type\" content=\"image\/jpeg\" \/>\n<meta name=\"twitter:card\" content=\"summary_large_image\" \/>\n<meta name=\"twitter:label1\" content=\"Gesch\u00e4tzte Lesezeit\" \/>\n\t<meta name=\"twitter:data1\" content=\"2\u00a0Minuten\" \/>\n<script type=\"application\/ld+json\" class=\"yoast-schema-graph\">{\"@context\":\"https:\/\/schema.org\",\"@graph\":[{\"@type\":\"WebPage\",\"@id\":\"https:\/\/nivola.nl\/over-ons\/\",\"url\":\"https:\/\/nivola.nl\/over-ons\/\",\"name\":\"Over ons &#187; Nivola\",\"isPartOf\":{\"@id\":\"https:\/\/nivola.nl\/#website\"},\"datePublished\":\"2017-10-18T09:13:44+00:00\",\"dateModified\":\"2022-11-07T09:00:39+00:00\",\"breadcrumb\":{\"@id\":\"https:\/\/nivola.nl\/over-ons\/#breadcrumb\"},\"inLanguage\":\"de\",\"potentialAction\":[{\"@type\":\"ReadAction\",\"target\":[\"https:\/\/nivola.nl\/over-ons\/\"]}]},{\"@type\":\"BreadcrumbList\",\"@id\":\"https:\/\/nivola.nl\/over-ons\/#breadcrumb\",\"itemListElement\":[{\"@type\":\"ListItem\",\"position\":1,\"name\":\"Startseite\",\"item\":\"https:\/\/nivola.nl\/\"},{\"@type\":\"ListItem\",\"position\":2,\"name\":\"Over ons\"}]},{\"@type\":\"WebSite\",\"@id\":\"https:\/\/nivola.nl\/#website\",\"url\":\"https:\/\/nivola.nl\/\",\"name\":\"Nivola\",\"description\":\"\",\"potentialAction\":[{\"@type\":\"SearchAction\",\"target\":{\"@type\":\"EntryPoint\",\"urlTemplate\":\"https:\/\/nivola.nl\/?s={search_term_string}\"},\"query-input\":\"required name=search_term_string\"}],\"inLanguage\":\"de\"}]}<\/script>\n<!-- \/ Yoast SEO plugin. -->","yoast_head_json":{"title":"Over ons &#187; Nivola","robots":{"index":"index","follow":"follow","max-snippet":"max-snippet:-1","max-image-preview":"max-image-preview:large","max-video-preview":"max-video-preview:-1"},"canonical":"https:\/\/nivola.nl\/over-ons\/","og_locale":"de_DE","og_type":"article","og_title":"Over ons &#187; Nivola","og_description":"[mk_page_section padding_top=&#8220;0&#8243; padding_bottom=&#8220;0&#8243; sidebar=&#8220;sidebar-1&#8243;][vc_column][rev_slider_vc alias=&#8220;over-ons&#8220;][\/vc_column][\/mk_page_section][mk_page_section sidebar=&#8220;sidebar-1&#8243;][vc_column width=&#8220;1\/6&#8243;][\/vc_column][vc_column width=&#8220;2\/3&#8243;][vc_custom_heading text=&#8220;Nivola&#8220; font_container=&#8220;tag:h2|font_size:45|text_align:left|color:%233b63a0&#8243;][vc_column_text css=&#8220;.vc_custom_1667811590587{margin-bottom: 0px !important;}&#8220;]\u201eSchon seit \u00fcber 65 Jahren der Spezialist f\u00fcr das Beheizen und Bel\u00fcften gro\u00dfer R\u00e4ume.\u201d Als Hersteller des energieeffizienten Nivolair-Systems bieten wir Ihnen eine einzigartige Deckenventilatorheizung, die speziell f\u00fcr die effiziente Beheizung von R\u00e4umen mit einer H\u00f6he von mehr als 4 m entwickelt wurde.[\/vc_column_text][\/vc_column][vc_column [&hellip;]","og_url":"https:\/\/nivola.nl\/over-ons\/","og_site_name":"Nivola","article_modified_time":"2022-11-07T09:00:39+00:00","og_image":[{"width":"1800","height":"1200","url":"https:\/\/nivola.nl\/wp-content\/uploads\/2018\/11\/teamfoto-2018-edited.jpg","type":"image\/jpeg"}],"twitter_card":"summary_large_image","twitter_misc":{"Gesch\u00e4tzte Lesezeit":"2\u00a0Minuten"},"schema":{"@context":"https:\/\/schema.org","@graph":[{"@type":"WebPage","@id":"https:\/\/nivola.nl\/over-ons\/","url":"https:\/\/nivola.nl\/over-ons\/","name":"Over ons &#187; Nivola","isPartOf":{"@id":"https:\/\/nivola.nl\/#website"},"datePublished":"2017-10-18T09:13:44+00:00","dateModified":"2022-11-07T09:00:39+00:00","breadcrumb":{"@id":"https:\/\/nivola.nl\/over-ons\/#breadcrumb"},"inLanguage":"de","potentialAction":[{"@type":"ReadAction","target":["https:\/\/nivola.nl\/over-ons\/"]}]},{"@type":"BreadcrumbList","@id":"https:\/\/nivola.nl\/over-ons\/#breadcrumb","itemListElement":[{"@type":"ListItem","position":1,"name":"Startseite","item":"https:\/\/nivola.nl\/"},{"@type":"ListItem","position":2,"name":"Over ons"}]},{"@type":"WebSite","@id":"https:\/\/nivola.nl\/#website","url":"https:\/\/nivola.nl\/","name":"Nivola","description":"","potentialAction":[{"@type":"SearchAction","target":{"@type":"EntryPoint","urlTemplate":"https:\/\/nivola.nl\/?s={search_term_string}"},"query-input":"required name=search_term_string"}],"inLanguage":"de"}]}},"_links":{"self":[{"href":"https:\/\/nivola.nl\/de\/wp-json\/wp\/v2\/pages\/300"}],"collection":[{"href":"https:\/\/nivola.nl\/de\/wp-json\/wp\/v2\/pages"}],"about":[{"href":"https:\/\/nivola.nl\/de\/wp-json\/wp\/v2\/types\/page"}],"author":[{"embeddable":true,"href":"https:\/\/nivola.nl\/de\/wp-json\/wp\/v2\/users\/1"}],"replies":[{"embeddable":true,"href":"https:\/\/nivola.nl\/de\/wp-json\/wp\/v2\/comments?post=300"}],"version-history":[{"count":5,"href":"https:\/\/nivola.nl\/de\/wp-json\/wp\/v2\/pages\/300\/revisions"}],"predecessor-version":[{"id":1499,"href":"https:\/\/nivola.nl\/de\/wp-json\/wp\/v2\/pages\/300\/revisions\/1499"}],"wp:featuredmedia":[{"embeddable":true,"href":"https:\/\/nivola.nl\/de\/wp-json\/wp\/v2\/media\/750"}],"wp:attachment":[{"href":"https:\/\/nivola.nl\/de\/wp-json\/wp\/v2\/media?parent=300"}],"curies":[{"name":"wp","href":"https:\/\/api.w.org\/{rel}","templated":true}]}}