{"id":94,"date":"2017-09-26T23:56:48","date_gmt":"2017-09-26T21:56:48","guid":{"rendered":"http:\/\/nivola.nl\/?page_id=94"},"modified":"2023-06-23T08:41:02","modified_gmt":"2023-06-23T06:41:02","slug":"producten","status":"publish","type":"page","link":"https:\/\/nivola.nl\/de\/producten\/","title":{"rendered":"Producten"},"content":{"rendered":"[mk_page_section layout_structure=&#8220;half_right&#8220; bg_image=&#8220;https:\/\/nivola.nl\/wp-content\/uploads\/2017\/09\/magazijn-vck-logistics-nivolair-ht-v3-1-copy.jpg&#8220; bg_color=&#8220;#f2f2f2&#8243; js_vertical_centered=&#8220;true&#8220; padding_top=&#8220;50&#8243; padding_bottom=&#8220;50&#8243;][vc_column][mk_padding_divider size=&#8220;70&#8243; visibility=&#8220;hidden-sm&#8220;][mk_fancy_title tag_name=&#8220;h3&#8243; color=&#8220;#325798&#8243; size=&#8220;47&#8243; line_height=&#8220;110&#8243; margin_bottom=&#8220;0&#8243; font_family=&#8220;none&#8220;]Nutsgebau[\/mk_fancy_title][mk_fancy_title tag_name=&#8220;h3&#8243; color=&#8220;#325798&#8243; size=&#8220;30&#8243; line_height=&#8220;110&#8243; margin_bottom=&#8220;0&#8243; font_family=&#8220;none&#8220; el_class=&#8220;nivola-light&#8220;]Tonangebend in Hitze Technologie.[\/mk_fancy_title][vc_column_text el_class=&#8220;max-width&#8220; css=&#8220;.vc_custom_1667811955496{margin-bottom: 0px !important;}&#8220;]Nivola ist seit mehr als 65 Jahren der Spezialist f\u00fcr die Beheizung hoher R\u00e4ume. Nachdem zun\u00e4chst nur Heizelemente f\u00fcr Gew\u00e4chsh\u00e4user hergestellt wurden, kamen schnell die Nachfragen aus der Wirtschaft. Inzwischen werden die Nivolair-Heizungssysteme in ganz Europa erfolgreich eingesetzt.[\/vc_column_text][mk_button dimension=&#8220;flat&#8220; size=&#8220;large&#8220; url=&#8220;https:\/\/nivola.nl\/producten\/utiliteit\/&#8220; margin_bottom=&#8220;0&#8243; margin_right=&#8220;0&#8243; el_class=&#8220;nivola-button&#8220; bg_color=&#8220;#325798&#8243; btn_hover_bg=&#8220;#325798&#8243; btn_hover_txt_color=&#8220;#ffffff&#8220;]L\u00f6sungen[\/mk_button][mk_padding_divider size=&#8220;50&#8243; visibility=&#8220;hidden-sm&#8220;][\/vc_column][\/mk_page_section][mk_page_section layout_structure=&#8220;half_left&#8220; bg_image=&#8220;https:\/\/nivola.nl\/wp-content\/uploads\/2016\/05\/katie-treadway-171145.jpg&#8220; bg_color=&#8220;#f2f2f2&#8243; js_vertical_centered=&#8220;true&#8220; padding_top=&#8220;50&#8243; padding_bottom=&#8220;50&#8243;][vc_column][mk_padding_divider size=&#8220;70&#8243; visibility=&#8220;hidden-sm&#8220;][mk_fancy_title tag_name=&#8220;h3&#8243; color=&#8220;#325798&#8243; size=&#8220;47&#8243; line_height=&#8220;110&#8243; margin_bottom=&#8220;0&#8243; font_family=&#8220;none&#8220;]Gartenbau[\/mk_fancy_title][mk_fancy_title tag_name=&#8220;h3&#8243; color=&#8220;#325798&#8243; size=&#8220;30&#8243; line_height=&#8220;110&#8243; margin_bottom=&#8220;0&#8243; font_family=&#8220;none&#8220; el_class=&#8220;nivola-light&#8220;]Umweltfreundlich Ihr Gew\u00e4chshaus auf Niveau.[\/mk_fancy_title][vc_column_text el_class=&#8220;max-width&#8220; css=&#8220;.vc_custom_1667811966745{margin-bottom: 0px !important;}&#8220;]Nivola Produziert und verkauft bereits seit mehr als 65 Jahren Nivola Schwefelverdampfer und Gew\u00e4chshausventilatoren im Bereich des Gew\u00e4chshaus- und Gartenanbaus.[\/vc_column_text][mk_button dimension=&#8220;flat&#8220; size=&#8220;large&#8220; url=&#8220;https:\/\/nivola.nl\/producten\/tuinbouw\/&#8220; margin_bottom=&#8220;0&#8243; margin_right=&#8220;0&#8243; el_class=&#8220;nivola-button&#8220; bg_color=&#8220;#325798&#8243; btn_hover_bg=&#8220;#325798&#8243; btn_hover_txt_color=&#8220;#ffffff&#8220;]Gartenbauliche L\u00f6sungen[\/mk_button][mk_padding_divider size=&#8220;90&#8243; visibility=&#8220;hidden-sm&#8220;][\/vc_column][\/mk_page_section][mk_page_section bg_color=&#8220;#325798&#8243; js_vertical_centered=&#8220;true&#8220; padding_top=&#8220;50&#8243; padding_bottom=&#8220;40&#8243; el_class=&#8220;margin-top&#8220; sidebar=&#8220;sidebar-1&#8243;][vc_column width=&#8220;1\/2&#8243;][mk_fancy_title tag_name=&#8220;h3&#8243; color=&#8220;#ffffff&#8220; size=&#8220;50&#8243; line_height=&#8220;110&#8243; margin_bottom=&#8220;0&#8243; font_family=&#8220;none&#8220;]Entdecken Sie, was Nivola f\u00fcr Sie bedeuten kann.[\/mk_fancy_title][\/vc_column][vc_column width=&#8220;1\/2&#8243;][mk_padding_divider size=&#8220;50&#8243; visibility=&#8220;hidden-sm&#8220;][mk_button dimension=&#8220;flat&#8220; size=&#8220;large&#8220; url=&#8220;https:\/\/nivola.nl\/offerte-aanvraag\/&#8220; align=&#8220;right&#8220; margin_bottom=&#8220;0&#8243; margin_right=&#8220;0&#8243; el_class=&#8220;nivola-button&#8220; bg_color=&#8220;#ffffff&#8220; btn_hover_bg=&#8220;#0a0a0a&#8220; text_color=&#8220;dark&#8220; btn_hover_txt_color=&#8220;#ffffff&#8220;]Angebotsanfrage[\/mk_button][mk_button dimension=&#8220;flat&#8220; size=&#8220;large&#8220; url=&#8220;https:\/\/nivola.nl\/contact\/&#8220; align=&#8220;right&#8220; margin_bottom=&#8220;0&#8243; el_class=&#8220;nivola-button&#8220; bg_color=&#8220;#ffffff&#8220; btn_hover_bg=&#8220;#0a0a0a&#8220; text_color=&#8220;dark&#8220; btn_hover_txt_color=&#8220;#ffffff&#8220;]Kontaktieren Sie uns[\/mk_button][\/vc_column][\/mk_page_section]","protected":false},"excerpt":{"rendered":"<p>[mk_page_section layout_structure=&#8220;half_right&#8220; bg_image=&#8220;https:\/\/nivola.nl\/wp-content\/uploads\/2017\/09\/magazijn-vck-logistics-nivolair-ht-v3-1-copy.jpg&#8220; bg_color=&#8220;#f2f2f2&#8243; js_vertical_centered=&#8220;true&#8220; padding_top=&#8220;50&#8243; padding_bottom=&#8220;50&#8243;][vc_column][mk_padding_divider size=&#8220;70&#8243; visibility=&#8220;hidden-sm&#8220;][mk_fancy_title tag_name=&#8220;h3&#8243; color=&#8220;#325798&#8243; size=&#8220;47&#8243; line_height=&#8220;110&#8243; margin_bottom=&#8220;0&#8243; font_family=&#8220;none&#8220;]Nutsgebau[\/mk_fancy_title][mk_fancy_title tag_name=&#8220;h3&#8243; color=&#8220;#325798&#8243; size=&#8220;30&#8243; line_height=&#8220;110&#8243; margin_bottom=&#8220;0&#8243; font_family=&#8220;none&#8220; el_class=&#8220;nivola-light&#8220;]Tonangebend in Hitze Technologie.[\/mk_fancy_title][vc_column_text el_class=&#8220;max-width&#8220; css=&#8220;.vc_custom_1667811955496{margin-bottom: 0px !important;}&#8220;]Nivola ist seit mehr als 65 Jahren der Spezialist f\u00fcr die Beheizung hoher R\u00e4ume. Nachdem zun\u00e4chst nur Heizelemente f\u00fcr Gew\u00e4chsh\u00e4user hergestellt wurden, kamen schnell die Nachfragen aus [&hellip;]<\/p>\n","protected":false},"author":1,"featured_media":0,"parent":0,"menu_order":0,"comment_status":"closed","ping_status":"closed","template":"","meta":{"footnotes":""},"class_list":["post-94","page","type-page","status-publish","hentry"],"yoast_head":"<!-- This site is optimized with the Yoast SEO plugin v21.5 - https:\/\/yoast.com\/wordpress\/plugins\/seo\/ -->\n<title>Producten &#187; Nivola<\/title>\n<meta name=\"robots\" content=\"index, follow, max-snippet:-1, max-image-preview:large, max-video-preview:-1\" \/>\n<link rel=\"canonical\" href=\"https:\/\/nivola.nl\/producten\/\" \/>\n<meta property=\"og:locale\" content=\"de_DE\" \/>\n<meta property=\"og:type\" content=\"article\" \/>\n<meta property=\"og:title\" content=\"Producten &#187; Nivola\" \/>\n<meta property=\"og:description\" content=\"[mk_page_section layout_structure=&#8220;half_right&#8220; bg_image=&#8220;https:\/\/nivola.nl\/wp-content\/uploads\/2017\/09\/magazijn-vck-logistics-nivolair-ht-v3-1-copy.jpg&#8220; bg_color=&#8220;#f2f2f2&#8243; js_vertical_centered=&#8220;true&#8220; padding_top=&#8220;50&#8243; padding_bottom=&#8220;50&#8243;][vc_column][mk_padding_divider size=&#8220;70&#8243; visibility=&#8220;hidden-sm&#8220;][mk_fancy_title tag_name=&#8220;h3&#8243; color=&#8220;#325798&#8243; size=&#8220;47&#8243; line_height=&#8220;110&#8243; margin_bottom=&#8220;0&#8243; font_family=&#8220;none&#8220;]Nutsgebau[\/mk_fancy_title][mk_fancy_title tag_name=&#8220;h3&#8243; color=&#8220;#325798&#8243; size=&#8220;30&#8243; line_height=&#8220;110&#8243; margin_bottom=&#8220;0&#8243; font_family=&#8220;none&#8220; el_class=&#8220;nivola-light&#8220;]Tonangebend in Hitze Technologie.[\/mk_fancy_title][vc_column_text el_class=&#8220;max-width&#8220; css=&#8220;.vc_custom_1667811955496{margin-bottom: 0px !important;}&#8220;]Nivola ist seit mehr als 65 Jahren der Spezialist f\u00fcr die Beheizung hoher R\u00e4ume. Nachdem zun\u00e4chst nur Heizelemente f\u00fcr Gew\u00e4chsh\u00e4user hergestellt wurden, kamen schnell die Nachfragen aus [&hellip;]\" \/>\n<meta property=\"og:url\" content=\"https:\/\/nivola.nl\/producten\/\" \/>\n<meta property=\"og:site_name\" content=\"Nivola\" \/>\n<meta property=\"article:modified_time\" content=\"2023-06-23T06:41:02+00:00\" \/>\n<meta name=\"twitter:card\" content=\"summary_large_image\" \/>\n<meta name=\"twitter:label1\" content=\"Gesch\u00e4tzte Lesezeit\" \/>\n\t<meta name=\"twitter:data1\" content=\"1\u00a0Minute\" \/>\n<script type=\"application\/ld+json\" class=\"yoast-schema-graph\">{\"@context\":\"https:\/\/schema.org\",\"@graph\":[{\"@type\":\"WebPage\",\"@id\":\"https:\/\/nivola.nl\/producten\/\",\"url\":\"https:\/\/nivola.nl\/producten\/\",\"name\":\"Producten &#187; Nivola\",\"isPartOf\":{\"@id\":\"https:\/\/nivola.nl\/#website\"},\"datePublished\":\"2017-09-26T21:56:48+00:00\",\"dateModified\":\"2023-06-23T06:41:02+00:00\",\"breadcrumb\":{\"@id\":\"https:\/\/nivola.nl\/producten\/#breadcrumb\"},\"inLanguage\":\"de\",\"potentialAction\":[{\"@type\":\"ReadAction\",\"target\":[\"https:\/\/nivola.nl\/producten\/\"]}]},{\"@type\":\"BreadcrumbList\",\"@id\":\"https:\/\/nivola.nl\/producten\/#breadcrumb\",\"itemListElement\":[{\"@type\":\"ListItem\",\"position\":1,\"name\":\"Startseite\",\"item\":\"https:\/\/nivola.nl\/\"},{\"@type\":\"ListItem\",\"position\":2,\"name\":\"Producten\"}]},{\"@type\":\"WebSite\",\"@id\":\"https:\/\/nivola.nl\/#website\",\"url\":\"https:\/\/nivola.nl\/\",\"name\":\"Nivola\",\"description\":\"\",\"potentialAction\":[{\"@type\":\"SearchAction\",\"target\":{\"@type\":\"EntryPoint\",\"urlTemplate\":\"https:\/\/nivola.nl\/?s={search_term_string}\"},\"query-input\":\"required name=search_term_string\"}],\"inLanguage\":\"de\"}]}<\/script>\n<!-- \/ Yoast SEO plugin. -->","yoast_head_json":{"title":"Producten &#187; Nivola","robots":{"index":"index","follow":"follow","max-snippet":"max-snippet:-1","max-image-preview":"max-image-preview:large","max-video-preview":"max-video-preview:-1"},"canonical":"https:\/\/nivola.nl\/producten\/","og_locale":"de_DE","og_type":"article","og_title":"Producten &#187; Nivola","og_description":"[mk_page_section layout_structure=&#8220;half_right&#8220; bg_image=&#8220;https:\/\/nivola.nl\/wp-content\/uploads\/2017\/09\/magazijn-vck-logistics-nivolair-ht-v3-1-copy.jpg&#8220; bg_color=&#8220;#f2f2f2&#8243; js_vertical_centered=&#8220;true&#8220; padding_top=&#8220;50&#8243; padding_bottom=&#8220;50&#8243;][vc_column][mk_padding_divider size=&#8220;70&#8243; visibility=&#8220;hidden-sm&#8220;][mk_fancy_title tag_name=&#8220;h3&#8243; color=&#8220;#325798&#8243; size=&#8220;47&#8243; line_height=&#8220;110&#8243; margin_bottom=&#8220;0&#8243; font_family=&#8220;none&#8220;]Nutsgebau[\/mk_fancy_title][mk_fancy_title tag_name=&#8220;h3&#8243; color=&#8220;#325798&#8243; size=&#8220;30&#8243; line_height=&#8220;110&#8243; margin_bottom=&#8220;0&#8243; font_family=&#8220;none&#8220; el_class=&#8220;nivola-light&#8220;]Tonangebend in Hitze Technologie.[\/mk_fancy_title][vc_column_text el_class=&#8220;max-width&#8220; css=&#8220;.vc_custom_1667811955496{margin-bottom: 0px !important;}&#8220;]Nivola ist seit mehr als 65 Jahren der Spezialist f\u00fcr die Beheizung hoher R\u00e4ume. Nachdem zun\u00e4chst nur Heizelemente f\u00fcr Gew\u00e4chsh\u00e4user hergestellt wurden, kamen schnell die Nachfragen aus [&hellip;]","og_url":"https:\/\/nivola.nl\/producten\/","og_site_name":"Nivola","article_modified_time":"2023-06-23T06:41:02+00:00","twitter_card":"summary_large_image","twitter_misc":{"Gesch\u00e4tzte Lesezeit":"1\u00a0Minute"},"schema":{"@context":"https:\/\/schema.org","@graph":[{"@type":"WebPage","@id":"https:\/\/nivola.nl\/producten\/","url":"https:\/\/nivola.nl\/producten\/","name":"Producten &#187; Nivola","isPartOf":{"@id":"https:\/\/nivola.nl\/#website"},"datePublished":"2017-09-26T21:56:48+00:00","dateModified":"2023-06-23T06:41:02+00:00","breadcrumb":{"@id":"https:\/\/nivola.nl\/producten\/#breadcrumb"},"inLanguage":"de","potentialAction":[{"@type":"ReadAction","target":["https:\/\/nivola.nl\/producten\/"]}]},{"@type":"BreadcrumbList","@id":"https:\/\/nivola.nl\/producten\/#breadcrumb","itemListElement":[{"@type":"ListItem","position":1,"name":"Startseite","item":"https:\/\/nivola.nl\/"},{"@type":"ListItem","position":2,"name":"Producten"}]},{"@type":"WebSite","@id":"https:\/\/nivola.nl\/#website","url":"https:\/\/nivola.nl\/","name":"Nivola","description":"","potentialAction":[{"@type":"SearchAction","target":{"@type":"EntryPoint","urlTemplate":"https:\/\/nivola.nl\/?s={search_term_string}"},"query-input":"required name=search_term_string"}],"inLanguage":"de"}]}},"_links":{"self":[{"href":"https:\/\/nivola.nl\/de\/wp-json\/wp\/v2\/pages\/94"}],"collection":[{"href":"https:\/\/nivola.nl\/de\/wp-json\/wp\/v2\/pages"}],"about":[{"href":"https:\/\/nivola.nl\/de\/wp-json\/wp\/v2\/types\/page"}],"author":[{"embeddable":true,"href":"https:\/\/nivola.nl\/de\/wp-json\/wp\/v2\/users\/1"}],"replies":[{"embeddable":true,"href":"https:\/\/nivola.nl\/de\/wp-json\/wp\/v2\/comments?post=94"}],"version-history":[{"count":14,"href":"https:\/\/nivola.nl\/de\/wp-json\/wp\/v2\/pages\/94\/revisions"}],"predecessor-version":[{"id":1653,"href":"https:\/\/nivola.nl\/de\/wp-json\/wp\/v2\/pages\/94\/revisions\/1653"}],"wp:attachment":[{"href":"https:\/\/nivola.nl\/de\/wp-json\/wp\/v2\/media?parent=94"}],"curies":[{"name":"wp","href":"https:\/\/api.w.org\/{rel}","templated":true}]}}